{"id":24,"date":"2019-04-04T05:23:02","date_gmt":"2019-04-04T03:23:02","guid":{"rendered":"http:\/\/dandelion-lion.w5.wpsandbox.pro\/?page_id=24"},"modified":"2022-01-06T13:36:35","modified_gmt":"2022-01-06T12:36:35","slug":"contact-cabinet","status":"publish","type":"page","link":"https:\/\/angiologues-muret.fr\/index.php\/contact-cabinet\/","title":{"rendered":"Contact"},"content":{"rendered":"\t\t<div data-elementor-type=\"wp-post\" data-elementor-id=\"24\" class=\"elementor elementor-24\">\n\t\t\t\t\t\t\t\t\t<section class=\"elementor-section elementor-top-section elementor-element elementor-element-65f167f elementor-section-boxed elementor-section-height-default elementor-section-height-default exad-glass-effect-no exad-sticky-section-no\" data-id=\"65f167f\" data-element_type=\"section\">\n\t\t\t\t\t\t<div class=\"elementor-container elementor-column-gap-default\">\n\t\t\t\t\t<div class=\"elementor-column elementor-col-100 elementor-top-column elementor-element elementor-element-ca55ac1 exad-glass-effect-no exad-sticky-section-no\" data-id=\"ca55ac1\" data-element_type=\"column\">\n\t\t\t<div class=\"elementor-widget-wrap elementor-element-populated\">\n\t\t\t\t\t\t\t\t<div class=\"elementor-element elementor-element-5f37e1b exad-sticky-section-no exad-glass-effect-no elementor-widget elementor-widget-heading\" data-id=\"5f37e1b\" data-element_type=\"widget\" data-widget_type=\"heading.default\">\n\t\t\t\t<div class=\"elementor-widget-container\">\n\t\t\t<h2 class=\"elementor-heading-title elementor-size-default\">Nous trouver<\/h2>\t\t<\/div>\n\t\t\t\t<\/div>\n\t\t\t\t\t<\/div>\n\t\t<\/div>\n\t\t\t\t\t\t\t<\/div>\n\t\t<\/section>\n\t\t\t\t<section class=\"elementor-section elementor-top-section elementor-element elementor-element-6cd7830 elementor-section-boxed elementor-section-height-default elementor-section-height-default exad-glass-effect-no exad-sticky-section-no\" data-id=\"6cd7830\" data-element_type=\"section\">\n\t\t\t\t\t\t<div class=\"elementor-container elementor-column-gap-default\">\n\t\t\t\t\t<div class=\"elementor-column elementor-col-100 elementor-top-column elementor-element elementor-element-658e428 exad-glass-effect-no exad-sticky-section-no\" data-id=\"658e428\" data-element_type=\"column\">\n\t\t\t<div class=\"elementor-widget-wrap elementor-element-populated\">\n\t\t\t\t\t\t\t\t<div class=\"elementor-element elementor-element-6c53e4c exad-sticky-section-no exad-glass-effect-no elementor-widget elementor-widget-google_maps\" data-id=\"6c53e4c\" data-element_type=\"widget\" data-widget_type=\"google_maps.default\">\n\t\t\t\t<div class=\"elementor-widget-container\">\n\t\t\t\t\t<div class=\"elementor-custom-embed\">\n\t\t\t<iframe loading=\"lazy\"\n\t\t\t\t\tsrc=\"https:\/\/maps.google.com\/maps?q=Cabinet%20d%27Angiologie%20de%20Muret&#038;t=m&#038;z=16&#038;output=embed&#038;iwloc=near\"\n\t\t\t\t\ttitle=\"Cabinet d&#039;Angiologie de Muret\"\n\t\t\t\t\taria-label=\"Cabinet d&#039;Angiologie de Muret\"\n\t\t\t><\/iframe>\n\t\t<\/div>\n\t\t\t\t<\/div>\n\t\t\t\t<\/div>\n\t\t\t\t\t<\/div>\n\t\t<\/div>\n\t\t\t\t\t\t\t<\/div>\n\t\t<\/section>\n\t\t\t\t<section class=\"elementor-section elementor-top-section elementor-element elementor-element-8831214 elementor-section-boxed elementor-section-height-default elementor-section-height-default exad-glass-effect-no exad-sticky-section-no\" data-id=\"8831214\" data-element_type=\"section\">\n\t\t\t\t\t\t<div class=\"elementor-container elementor-column-gap-default\">\n\t\t\t\t\t<div class=\"elementor-column elementor-col-100 elementor-top-column elementor-element elementor-element-db36f73 exad-glass-effect-no exad-sticky-section-no\" data-id=\"db36f73\" data-element_type=\"column\">\n\t\t\t<div class=\"elementor-widget-wrap elementor-element-populated\">\n\t\t\t\t\t\t\t\t<div class=\"elementor-element elementor-element-788d827 elementor-align-left elementor-icon-list--layout-traditional elementor-list-item-link-full_width exad-sticky-section-no exad-glass-effect-no elementor-widget elementor-widget-icon-list\" data-id=\"788d827\" data-element_type=\"widget\" data-widget_type=\"icon-list.default\">\n\t\t\t\t<div class=\"elementor-widget-container\">\n\t\t\t\t\t<ul class=\"elementor-icon-list-items\">\n\t\t\t\t\t\t\t<li class=\"elementor-icon-list-item\">\n\t\t\t\t\t\t\t\t\t\t\t<span class=\"elementor-icon-list-icon\">\n\t\t\t\t\t\t\t<i aria-hidden=\"true\" class=\"fas fa-home\"><\/i>\t\t\t\t\t\t<\/span>\n\t\t\t\t\t\t\t\t\t\t<span class=\"elementor-icon-list-text\">Le Centre de M\u00e9decine Vasculaire de Muret vous accueille tous les jours du lundi au vendredi.<\/span>\n\t\t\t\t\t\t\t\t\t<\/li>\n\t\t\t\t\t\t<\/ul>\n\t\t\t\t<\/div>\n\t\t\t\t<\/div>\n\t\t\t\t<div class=\"elementor-element elementor-element-3a5b499 elementor-align-left elementor-icon-list--layout-traditional elementor-list-item-link-full_width exad-sticky-section-no exad-glass-effect-no elementor-widget elementor-widget-icon-list\" data-id=\"3a5b499\" data-element_type=\"widget\" data-widget_type=\"icon-list.default\">\n\t\t\t\t<div class=\"elementor-widget-container\">\n\t\t\t\t\t<ul class=\"elementor-icon-list-items\">\n\t\t\t\t\t\t\t<li class=\"elementor-icon-list-item\">\n\t\t\t\t\t\t\t\t\t\t\t<span class=\"elementor-icon-list-icon\">\n\t\t\t\t\t\t\t<i aria-hidden=\"true\" class=\"fas fa-clock\"><\/i>\t\t\t\t\t\t<\/span>\n\t\t\t\t\t\t\t\t\t\t<span class=\"elementor-icon-list-text\">Du Lundi au Vendredi de 8h30 \u00e0 19h<\/span>\n\t\t\t\t\t\t\t\t\t<\/li>\n\t\t\t\t\t\t\t\t<li class=\"elementor-icon-list-item\">\n\t\t\t\t\t\t\t\t\t\t\t<span class=\"elementor-icon-list-icon\">\n\t\t\t\t\t\t\t<i aria-hidden=\"true\" class=\"fas fa-phone-volume\"><\/i>\t\t\t\t\t\t<\/span>\n\t\t\t\t\t\t\t\t\t\t<span class=\"elementor-icon-list-text\">Secr\u00e9tariat t\u00e9l\u00e9phonique ouvert de 9h \u00e0 12h et de 14h \u00e0 18h.<\/span>\n\t\t\t\t\t\t\t\t\t<\/li>\n\t\t\t\t\t\t\t\t<li class=\"elementor-icon-list-item\">\n\t\t\t\t\t\t\t\t\t\t\t<span class=\"elementor-icon-list-icon\">\n\t\t\t\t\t\t\t<i aria-hidden=\"true\" class=\"fas fa-phone-alt\"><\/i>\t\t\t\t\t\t<\/span>\n\t\t\t\t\t\t\t\t\t\t<span class=\"elementor-icon-list-text\">05 61 56 46 45<\/span>\n\t\t\t\t\t\t\t\t\t<\/li>\n\t\t\t\t\t\t<\/ul>\n\t\t\t\t<\/div>\n\t\t\t\t<\/div>\n\t\t\t\t<div class=\"elementor-element elementor-element-f30cb95 elementor-align-left elementor-icon-list--layout-traditional elementor-list-item-link-full_width exad-sticky-section-no exad-glass-effect-no elementor-widget elementor-widget-icon-list\" data-id=\"f30cb95\" data-element_type=\"widget\" data-widget_type=\"icon-list.default\">\n\t\t\t\t<div class=\"elementor-widget-container\">\n\t\t\t\t\t<ul class=\"elementor-icon-list-items\">\n\t\t\t\t\t\t\t<li class=\"elementor-icon-list-item\">\n\t\t\t\t\t\t\t\t\t\t\t<span class=\"elementor-icon-list-icon\">\n\t\t\t\t\t\t\t<i aria-hidden=\"true\" class=\"fas fa-map-marker-alt\"><\/i>\t\t\t\t\t\t<\/span>\n\t\t\t\t\t\t\t\t\t\t<span class=\"elementor-icon-list-text\">16 chemin de Lacombe, 31600 MURET<\/span>\n\t\t\t\t\t\t\t\t\t<\/li>\n\t\t\t\t\t\t\t\t<li class=\"elementor-icon-list-item\">\n\t\t\t\t\t\t\t\t\t\t\t<span class=\"elementor-icon-list-icon\">\n\t\t\t\t\t\t\t<i aria-hidden=\"true\" class=\"fas fa-bus-alt\"><\/i>\t\t\t\t\t\t<\/span>\n\t\t\t\t\t\t\t\t\t\t<span class=\"elementor-icon-list-text\">lignes TISSEO 311, 316, 317 : arr\u00eat \"Jean Dabadie\"<\/span>\n\t\t\t\t\t\t\t\t\t<\/li>\n\t\t\t\t\t\t<\/ul>\n\t\t\t\t<\/div>\n\t\t\t\t<\/div>\n\t\t\t\t\t<\/div>\n\t\t<\/div>\n\t\t\t\t\t\t\t<\/div>\n\t\t<\/section>\n\t\t\t\t<section class=\"elementor-section elementor-top-section elementor-element elementor-element-1c43a72 elementor-section-boxed elementor-section-height-default elementor-section-height-default exad-glass-effect-no exad-sticky-section-no\" data-id=\"1c43a72\" data-element_type=\"section\">\n\t\t\t\t\t\t<div class=\"elementor-container elementor-column-gap-default\">\n\t\t\t\t\t<div class=\"elementor-column elementor-col-50 elementor-top-column elementor-element elementor-element-2915b29 exad-glass-effect-no exad-sticky-section-no\" data-id=\"2915b29\" data-element_type=\"column\">\n\t\t\t<div class=\"elementor-widget-wrap elementor-element-populated\">\n\t\t\t\t\t\t\t\t<div class=\"elementor-element elementor-element-c55a23f exad-sticky-section-no exad-glass-effect-no elementor-widget elementor-widget-image\" data-id=\"c55a23f\" data-element_type=\"widget\" data-widget_type=\"image.default\">\n\t\t\t\t<div class=\"elementor-widget-container\">\n\t\t\t\t\t\t\t\t\t\t\t\t\t\t\t<img fetchpriority=\"high\" decoding=\"async\" width=\"750\" height=\"562\" src=\"https:\/\/angiologues-muret.fr\/wp-content\/uploads\/2022\/01\/8555e332-a734-4ba8-8306-22b70f3629bf.jpg\" class=\"attachment-large size-large wp-image-970\" alt=\"centre de m\u00e9decine vasculaire\" srcset=\"https:\/\/angiologues-muret.fr\/wp-content\/uploads\/2022\/01\/8555e332-a734-4ba8-8306-22b70f3629bf.jpg 982w, https:\/\/angiologues-muret.fr\/wp-content\/uploads\/2022\/01\/8555e332-a734-4ba8-8306-22b70f3629bf-300x225.jpg 300w, https:\/\/angiologues-muret.fr\/wp-content\/uploads\/2022\/01\/8555e332-a734-4ba8-8306-22b70f3629bf-768x576.jpg 768w\" sizes=\"(max-width: 750px) 100vw, 750px\" \/>\t\t\t\t\t\t\t\t\t\t\t\t\t\t\t<\/div>\n\t\t\t\t<\/div>\n\t\t\t\t\t<\/div>\n\t\t<\/div>\n\t\t\t\t<div class=\"elementor-column elementor-col-50 elementor-top-column elementor-element elementor-element-42af7b7 exad-glass-effect-no exad-sticky-section-no\" data-id=\"42af7b7\" data-element_type=\"column\">\n\t\t\t<div class=\"elementor-widget-wrap elementor-element-populated\">\n\t\t\t\t\t\t\t\t<div class=\"elementor-element elementor-element-4645f52 exad-sticky-section-no exad-glass-effect-no elementor-widget elementor-widget-image\" data-id=\"4645f52\" data-element_type=\"widget\" data-widget_type=\"image.default\">\n\t\t\t\t<div class=\"elementor-widget-container\">\n\t\t\t\t\t\t\t\t\t\t\t\t\t\t\t<img decoding=\"async\" width=\"750\" height=\"563\" src=\"https:\/\/angiologues-muret.fr\/wp-content\/uploads\/2022\/01\/a4ace3a9-529b-4a93-94ae-8bfd4abde861.jpg\" class=\"attachment-large size-large wp-image-971\" alt=\"angiologues muret\" srcset=\"https:\/\/angiologues-muret.fr\/wp-content\/uploads\/2022\/01\/a4ace3a9-529b-4a93-94ae-8bfd4abde861.jpg 1024w, https:\/\/angiologues-muret.fr\/wp-content\/uploads\/2022\/01\/a4ace3a9-529b-4a93-94ae-8bfd4abde861-300x225.jpg 300w, https:\/\/angiologues-muret.fr\/wp-content\/uploads\/2022\/01\/a4ace3a9-529b-4a93-94ae-8bfd4abde861-768x576.jpg 768w\" sizes=\"(max-width: 750px) 100vw, 750px\" \/>\t\t\t\t\t\t\t\t\t\t\t\t\t\t\t<\/div>\n\t\t\t\t<\/div>\n\t\t\t\t\t<\/div>\n\t\t<\/div>\n\t\t\t\t\t\t\t<\/div>\n\t\t<\/section>\n\t\t\t\t\t\t\t<\/div>\n\t\t","protected":false},"excerpt":{"rendered":"<p>Nous trouver Le Centre de M\u00e9decine Vasculaire de Muret vous accueille tous les jours du lundi au vendredi. Du Lundi au Vendredi de 8h30 \u00e0 19h Secr\u00e9tariat t\u00e9l\u00e9phonique ouvert de 9h \u00e0 12h et de 14h \u00e0 18h. 05 61<\/p>\n","protected":false},"author":1,"featured_media":0,"parent":0,"menu_order":0,"comment_status":"closed","ping_status":"closed","template":"page-templates\/page-builder.php","meta":{"footnotes":""},"class_list":["post-24","page","type-page","status-publish","hentry"],"yoast_head":"<!-- This site is optimized with the Yoast SEO plugin v21.6 - https:\/\/yoast.com\/wordpress\/plugins\/seo\/ -->\n<title>Coordonn\u00e9es du cabinet d&#039;angiologie de Muret (Haute-Garonne)<\/title>\n<meta name=\"description\" content=\"Le cabinet d&#039;angiologie de Muret vous re\u00e7oit du lundi au vendredi sur rendez-vous, de 9h \u00e0 19h, au 36 route d&#039;Eaunes, 31600 Muret.\" \/>\n<meta name=\"robots\" content=\"index, follow, max-snippet:-1, max-image-preview:large, max-video-preview:-1\" \/>\n<link rel=\"canonical\" href=\"https:\/\/angiologues-muret.fr\/contact-cabinet\" \/>\n<meta property=\"og:locale\" content=\"fr_FR\" \/>\n<meta property=\"og:type\" content=\"article\" \/>\n<meta property=\"og:title\" content=\"Coordonn\u00e9es du cabinet d&#039;angiologie de Muret (Haute-Garonne)\" \/>\n<meta property=\"og:description\" content=\"Le cabinet d&#039;angiologie de Muret vous re\u00e7oit du lundi au vendredi sur rendez-vous, de 9h \u00e0 19h, au 36 route d&#039;Eaunes, 31600 Muret.\" \/>\n<meta property=\"og:url\" content=\"https:\/\/angiologues-muret.fr\/contact-cabinet\" \/>\n<meta property=\"og:site_name\" content=\"Cabinet d&#039;angiologie de Muret\" \/>\n<meta property=\"article:modified_time\" content=\"2022-01-06T12:36:35+00:00\" \/>\n<meta property=\"og:image\" content=\"https:\/\/angiologues-muret.fr\/wp-content\/uploads\/2022\/01\/8555e332-a734-4ba8-8306-22b70f3629bf.jpg\" \/>\n<meta name=\"twitter:card\" content=\"summary_large_image\" \/>\n<meta name=\"twitter:label1\" content=\"Dur\u00e9e de lecture estim\u00e9e\" \/>\n\t<meta name=\"twitter:data1\" content=\"1 minute\" \/>\n<script type=\"application\/ld+json\" class=\"yoast-schema-graph\">{\"@context\":\"https:\/\/schema.org\",\"@graph\":[{\"@type\":\"WebPage\",\"@id\":\"https:\/\/angiologues-muret.fr\/index.php\/contact-cabinet\/\",\"url\":\"https:\/\/angiologues-muret.fr\/contact-cabinet\",\"name\":\"Coordonn\u00e9es du cabinet d'angiologie de Muret (Haute-Garonne)\",\"isPartOf\":{\"@id\":\"https:\/\/angiologues-muret.fr\/#website\"},\"datePublished\":\"2019-04-04T03:23:02+00:00\",\"dateModified\":\"2022-01-06T12:36:35+00:00\",\"description\":\"Le cabinet d'angiologie de Muret vous re\u00e7oit du lundi au vendredi sur rendez-vous, de 9h \u00e0 19h, au 36 route d'Eaunes, 31600 Muret.\",\"breadcrumb\":{\"@id\":\"https:\/\/angiologues-muret.fr\/contact-cabinet#breadcrumb\"},\"inLanguage\":\"fr-FR\",\"potentialAction\":[{\"@type\":\"ReadAction\",\"target\":[\"https:\/\/angiologues-muret.fr\/contact-cabinet\"]}]},{\"@type\":\"BreadcrumbList\",\"@id\":\"https:\/\/angiologues-muret.fr\/contact-cabinet#breadcrumb\",\"itemListElement\":[{\"@type\":\"ListItem\",\"position\":1,\"name\":\"Accueil\",\"item\":\"https:\/\/angiologues-muret.fr\/\"},{\"@type\":\"ListItem\",\"position\":2,\"name\":\"Coordonn\u00e9es du cabinet d'angiologie de Muret\"}]},{\"@type\":\"WebSite\",\"@id\":\"https:\/\/angiologues-muret.fr\/#website\",\"url\":\"https:\/\/angiologues-muret.fr\/\",\"name\":\"Cabinet d&#039;angiologie de Muret\",\"description\":\"\",\"publisher\":{\"@id\":\"https:\/\/angiologues-muret.fr\/#organization\"},\"potentialAction\":[{\"@type\":\"SearchAction\",\"target\":{\"@type\":\"EntryPoint\",\"urlTemplate\":\"https:\/\/angiologues-muret.fr\/?s={search_term_string}\"},\"query-input\":\"required name=search_term_string\"}],\"inLanguage\":\"fr-FR\"},{\"@type\":\"Organization\",\"@id\":\"https:\/\/angiologues-muret.fr\/#organization\",\"name\":\"Cabinet de m\u00e9decine vasculaire de Muret\",\"url\":\"https:\/\/angiologues-muret.fr\/\",\"logo\":{\"@type\":\"ImageObject\",\"inLanguage\":\"fr-FR\",\"@id\":\"https:\/\/angiologues-muret.fr\/#\/schema\/logo\/image\/\",\"url\":\"https:\/\/angiologues-muret.fr\/wp-content\/uploads\/2020\/04\/Logo_Centre-de-Medecine-Vasculaire-de-Muret-logo-e1586183382964.png\",\"contentUrl\":\"https:\/\/angiologues-muret.fr\/wp-content\/uploads\/2020\/04\/Logo_Centre-de-Medecine-Vasculaire-de-Muret-logo-e1586183382964.png\",\"width\":512,\"height\":499,\"caption\":\"Cabinet de m\u00e9decine vasculaire de Muret\"},\"image\":{\"@id\":\"https:\/\/angiologues-muret.fr\/#\/schema\/logo\/image\/\"}}]}<\/script>\n<!-- \/ Yoast SEO plugin. -->","yoast_head_json":{"title":"Coordonn\u00e9es du cabinet d'angiologie de Muret (Haute-Garonne)","description":"Le cabinet d'angiologie de Muret vous re\u00e7oit du lundi au vendredi sur rendez-vous, de 9h \u00e0 19h, au 36 route d'Eaunes, 31600 Muret.","robots":{"index":"index","follow":"follow","max-snippet":"max-snippet:-1","max-image-preview":"max-image-preview:large","max-video-preview":"max-video-preview:-1"},"canonical":"https:\/\/angiologues-muret.fr\/contact-cabinet","og_locale":"fr_FR","og_type":"article","og_title":"Coordonn\u00e9es du cabinet d'angiologie de Muret (Haute-Garonne)","og_description":"Le cabinet d'angiologie de Muret vous re\u00e7oit du lundi au vendredi sur rendez-vous, de 9h \u00e0 19h, au 36 route d'Eaunes, 31600 Muret.","og_url":"https:\/\/angiologues-muret.fr\/contact-cabinet","og_site_name":"Cabinet d&#039;angiologie de Muret","article_modified_time":"2022-01-06T12:36:35+00:00","og_image":[{"url":"https:\/\/angiologues-muret.fr\/wp-content\/uploads\/2022\/01\/8555e332-a734-4ba8-8306-22b70f3629bf.jpg"}],"twitter_card":"summary_large_image","twitter_misc":{"Dur\u00e9e de lecture estim\u00e9e":"1 minute"},"schema":{"@context":"https:\/\/schema.org","@graph":[{"@type":"WebPage","@id":"https:\/\/angiologues-muret.fr\/index.php\/contact-cabinet\/","url":"https:\/\/angiologues-muret.fr\/contact-cabinet","name":"Coordonn\u00e9es du cabinet d'angiologie de Muret (Haute-Garonne)","isPartOf":{"@id":"https:\/\/angiologues-muret.fr\/#website"},"datePublished":"2019-04-04T03:23:02+00:00","dateModified":"2022-01-06T12:36:35+00:00","description":"Le cabinet d'angiologie de Muret vous re\u00e7oit du lundi au vendredi sur rendez-vous, de 9h \u00e0 19h, au 36 route d'Eaunes, 31600 Muret.","breadcrumb":{"@id":"https:\/\/angiologues-muret.fr\/contact-cabinet#breadcrumb"},"inLanguage":"fr-FR","potentialAction":[{"@type":"ReadAction","target":["https:\/\/angiologues-muret.fr\/contact-cabinet"]}]},{"@type":"BreadcrumbList","@id":"https:\/\/angiologues-muret.fr\/contact-cabinet#breadcrumb","itemListElement":[{"@type":"ListItem","position":1,"name":"Accueil","item":"https:\/\/angiologues-muret.fr\/"},{"@type":"ListItem","position":2,"name":"Coordonn\u00e9es du cabinet d'angiologie de Muret"}]},{"@type":"WebSite","@id":"https:\/\/angiologues-muret.fr\/#website","url":"https:\/\/angiologues-muret.fr\/","name":"Cabinet d&#039;angiologie de Muret","description":"","publisher":{"@id":"https:\/\/angiologues-muret.fr\/#organization"},"potentialAction":[{"@type":"SearchAction","target":{"@type":"EntryPoint","urlTemplate":"https:\/\/angiologues-muret.fr\/?s={search_term_string}"},"query-input":"required name=search_term_string"}],"inLanguage":"fr-FR"},{"@type":"Organization","@id":"https:\/\/angiologues-muret.fr\/#organization","name":"Cabinet de m\u00e9decine vasculaire de Muret","url":"https:\/\/angiologues-muret.fr\/","logo":{"@type":"ImageObject","inLanguage":"fr-FR","@id":"https:\/\/angiologues-muret.fr\/#\/schema\/logo\/image\/","url":"https:\/\/angiologues-muret.fr\/wp-content\/uploads\/2020\/04\/Logo_Centre-de-Medecine-Vasculaire-de-Muret-logo-e1586183382964.png","contentUrl":"https:\/\/angiologues-muret.fr\/wp-content\/uploads\/2020\/04\/Logo_Centre-de-Medecine-Vasculaire-de-Muret-logo-e1586183382964.png","width":512,"height":499,"caption":"Cabinet de m\u00e9decine vasculaire de Muret"},"image":{"@id":"https:\/\/angiologues-muret.fr\/#\/schema\/logo\/image\/"}}]}},"_links":{"self":[{"href":"https:\/\/angiologues-muret.fr\/index.php\/wp-json\/wp\/v2\/pages\/24","targetHints":{"allow":["GET"]}}],"collection":[{"href":"https:\/\/angiologues-muret.fr\/index.php\/wp-json\/wp\/v2\/pages"}],"about":[{"href":"https:\/\/angiologues-muret.fr\/index.php\/wp-json\/wp\/v2\/types\/page"}],"author":[{"embeddable":true,"href":"https:\/\/angiologues-muret.fr\/index.php\/wp-json\/wp\/v2\/users\/1"}],"replies":[{"embeddable":true,"href":"https:\/\/angiologues-muret.fr\/index.php\/wp-json\/wp\/v2\/comments?post=24"}],"version-history":[{"count":74,"href":"https:\/\/angiologues-muret.fr\/index.php\/wp-json\/wp\/v2\/pages\/24\/revisions"}],"predecessor-version":[{"id":1007,"href":"https:\/\/angiologues-muret.fr\/index.php\/wp-json\/wp\/v2\/pages\/24\/revisions\/1007"}],"wp:attachment":[{"href":"https:\/\/angiologues-muret.fr\/index.php\/wp-json\/wp\/v2\/media?parent=24"}],"curies":[{"name":"wp","href":"https:\/\/api.w.org\/{rel}","templated":true}]}}